{"id":3978,"date":"2022-01-26T13:46:28","date_gmt":"2022-01-26T11:46:28","guid":{"rendered":"https:\/\/iscomputers.ro\/?page_id=3978"},"modified":"2022-07-15T12:49:50","modified_gmt":"2022-07-15T10:49:50","slug":"info-service-computers-2","status":"publish","type":"page","link":"https:\/\/iscomputers.ro\/","title":{"rendered":"Info Service &#038; Computers"},"content":{"rendered":"<style>\/*! elementor - v3.5.4 - 23-01-2022 *\/\n.elementor-widget-image-carousel .swiper-container{position:static}.elementor-widget-image-carousel .swiper-container .swiper-slide figure{line-height:inherit}.elementor-widget-image-carousel .swiper-slide{text-align:center}.elementor-image-carousel-wrapper:not(.swiper-container-initialized) .swiper-slide{max-width:calc(100% \/ var(--e-image-carousel-slides-to-show, 3))}<\/style>\n<figure><img decoding=\"async\" src=\"https:\/\/iscomputers.ro\/wp-content\/uploads\/2021\/12\/statii-3.jpg\" alt=\"statii\" \/><\/figure>\n<figure><img decoding=\"async\" src=\"https:\/\/iscomputers.ro\/wp-content\/uploads\/2021\/12\/banci-3.jpg\" alt=\"banci\" \/><\/figure>\n<figure><img decoding=\"async\" src=\"https:\/\/iscomputers.ro\/wp-content\/uploads\/2021\/12\/fire-alarm-img-2.jpeg\" alt=\"fire alarm img\" \/><\/figure>\n<figure><img decoding=\"async\" src=\"https:\/\/iscomputers.ro\/wp-content\/uploads\/2021\/12\/Untitled-4-copy.jpeg\" alt=\"Untitled-4 copy\" \/><\/figure>\n<figure><img decoding=\"async\" src=\"https:\/\/iscomputers.ro\/wp-content\/uploads\/2021\/12\/Untitled-2-copy-1.jpeg\" alt=\"Untitled-2 copy\" \/><\/figure>\n<figure><img decoding=\"async\" src=\"https:\/\/iscomputers.ro\/wp-content\/uploads\/2021\/12\/Untitled-3-copy-1.jpeg\" alt=\"Untitled-3 copy\" \/><\/figure>\n<p>\t\t\t\t\t\t\t\t\t\t\t\tAnterioar\u0103<br \/>\n\t\t\t\t\t\t\t\t\t\t\t\tUrm\u0103toare<\/p>\n<style>\/*! elementor - v3.5.4 - 23-01-2022 *\/\n.elementor-heading-title{padding:0;margin:0;line-height:1}.elementor-widget-heading .elementor-heading-title[class*=elementor-size-]>a{color:inherit;font-size:inherit;line-height:inherit}.elementor-widget-heading .elementor-heading-title.elementor-size-small{font-size:15px}.elementor-widget-heading .elementor-heading-title.elementor-size-medium{font-size:19px}.elementor-widget-heading .elementor-heading-title.elementor-size-large{font-size:29px}.elementor-widget-heading .elementor-heading-title.elementor-size-xl{font-size:39px}.elementor-widget-heading .elementor-heading-title.elementor-size-xxl{font-size:59px}<\/style>\n<h2>Integritate<\/h2>\n<p>\u00a0\u00a0 De-a lungul anilor, am c\u00e2\u0219tigat o reputa\u021bie de integritate \u0219i \u00eencredere de la clien\u021bii no\u0219tri care continu\u0103 s\u0103 utilizeze serviciile noastre.<\/p>\n<h2>Calitate<\/h2>\n<p>\u00a0\u00a0\u00a0 Ne asigur\u0103m c\u0103 toate proiectele sunt realizate cu profesionalism folosind materiale de calitate. Oferind clien\u021bilor suportul \u0219i accesibilitatea.<\/p>\n<h2>Viziune<\/h2>\n<p>\u00a0\u00a0 Obiectivul nostru este de a \u00eembun\u0103t\u0103\u021bi securitatea, siguran\u021ba \u0219i aspectele tehnologice \u00een fiecare organiza\u021bie.<\/p>\n","protected":false},"excerpt":{"rendered":"<p>Anterioar\u0103 Urm\u0103toare Integritate \u00a0\u00a0 De-a lungul anilor, am c\u00e2\u0219tigat o reputa\u021bie de integritate \u0219i \u00eencredere de la clien\u021bii no\u0219tri care continu\u0103 s\u0103 utilizeze serviciile noastre. Calitate \u00a0\u00a0\u00a0 Ne asigur\u0103m c\u0103 toate proiectele sunt realizate cu profesionalism folosind materiale de calitate. Oferind clien\u021bilor suportul \u0219i accesibilitatea. Viziune \u00a0\u00a0 Obiectivul nostru este de a \u00eembun\u0103t\u0103\u021bi securitatea, siguran\u021ba \u0219i aspectele tehnologice \u00een fiecare organiza\u021bie.<\/p>\n","protected":false},"author":1,"featured_media":0,"parent":0,"menu_order":0,"comment_status":"closed","ping_status":"closed","template":"page-templates\/template-portfolio.php","meta":[],"_links":{"self":[{"href":"https:\/\/iscomputers.ro\/index.php\/wp-json\/wp\/v2\/pages\/3978"}],"collection":[{"href":"https:\/\/iscomputers.ro\/index.php\/wp-json\/wp\/v2\/pages"}],"about":[{"href":"https:\/\/iscomputers.ro\/index.php\/wp-json\/wp\/v2\/types\/page"}],"author":[{"embeddable":true,"href":"https:\/\/iscomputers.ro\/index.php\/wp-json\/wp\/v2\/users\/1"}],"replies":[{"embeddable":true,"href":"https:\/\/iscomputers.ro\/index.php\/wp-json\/wp\/v2\/comments?post=3978"}],"version-history":[{"count":22,"href":"https:\/\/iscomputers.ro\/index.php\/wp-json\/wp\/v2\/pages\/3978\/revisions"}],"predecessor-version":[{"id":4108,"href":"https:\/\/iscomputers.ro\/index.php\/wp-json\/wp\/v2\/pages\/3978\/revisions\/4108"}],"wp:attachment":[{"href":"https:\/\/iscomputers.ro\/index.php\/wp-json\/wp\/v2\/media?parent=3978"}],"curies":[{"name":"wp","href":"https:\/\/api.w.org\/{rel}","templated":true}]}}